{"id":648,"date":"2026-01-16T10:10:41","date_gmt":"2026-01-16T09:10:41","guid":{"rendered":"https:\/\/traindubasberry.fr\/?page_id=648"},"modified":"2026-02-16T15:08:34","modified_gmt":"2026-02-16T14:08:34","slug":"nos-offres-de-reduction","status":"publish","type":"page","link":"https:\/\/traindubasberry.fr\/en\/nos-offres-de-reduction\/","title":{"rendered":"Our discount offers"},"content":{"rendered":"<p><\/p>\n\n\n\n<p>As part of our partnerships and various agreements, you can benefit from a \u20ac1 discount on the price of our tickets. When purchasing online, you must enter the code corresponding to the discount you wish to claim. However, you must present valid proof of eligibility when your ticket is checked at the station before boarding the train. Discounts are also valid when purchasing a ticket directly at the station on the day of travel.<\/p>\n\n\n\n<p>As part of the \u201cBon plan\u201d scheme, in partnership with the Valen\u00e7ay Motor Museum and Valen\u00e7ay Castle, you can use either the code MUSEVAL26 or CHATVAL26. You will need to present the paper version of the relevant ticket at the station (the two discounts cannot be combined on a single train ticket).<\/p>\n\n\n\n<p>The discount is also available if you used our Valen\u00e7ay V\u00e9lorail during the 2026 season. In this case, please use the code VOYSABA2EV when booking online and present the paper receipt at the station.<\/p>\n\n\n\n<p>Holders of the Mobility Inclusion Card (CMI) are entitled to a \u20ac1 discount on the ticket price. The code CMI26 must be used when booking, and the card must be shown at the station.<\/p>\n\n\n\n<p>The discount is available to guests staying at G\u00eetes de France accommodation. The code to use is GITEVAL26, and you must present the special key ring. <\/p>\n\n\n\n<p>Finally, the discount is available to guests staying at Galil\u00e9 holiday cottages and holiday residences upon presentation of their booking confirmation. The code to use is GALIL26.<\/p>\n\n\n\n<div class=\"wp-block-buttons is-content-justification-center is-layout-flex wp-container-core-buttons-is-layout-a89b3969 wp-block-buttons-is-layout-flex\">\n<div class=\"wp-block-button\"><a class=\"wp-block-button__link has-border-color wp-element-button\" href=\"https:\/\/traindubasberry.fr\/en\/horaires\/\" style=\"border-color:#191919;border-width:2px;border-top-left-radius:10px;border-top-right-radius:10px;border-bottom-left-radius:10px;border-bottom-right-radius:10px\">Back<\/a><\/div>\n<\/div>\n\n\n\n<p><\/p>\n\n\n\n<hr class=\"wp-block-separator has-alpha-channel-opacity\"\/>\n\n\n\n<p class=\"has-text-align-center\"><\/p>\n\n\n\n<p><\/p>","protected":false},"excerpt":{"rendered":"<p>Dans le cadre de nos partenariats et de nos diff\u00e9rents accords, vous pouvez b\u00e9n\u00e9ficier d&rsquo;une r\u00e9duction de 1\u20ac sur le prix de nos billets. Lors de l&rsquo;achat en ligne, vous devez sp\u00e9cifier le code correspondant \u00e0 la r\u00e9duction dont vous souhaitez b\u00e9n\u00e9ficier. Il est cependant n\u00e9cessaire de bien pr\u00e9senter le justificatif lors du contr\u00f4le de [&hellip;]<\/p>\n","protected":false},"author":2,"featured_media":0,"parent":0,"menu_order":0,"comment_status":"closed","ping_status":"closed","template":"","meta":{"footnotes":""},"folder":[14],"class_list":["post-648","page","type-page","status-publish","hentry"],"_links":{"self":[{"href":"https:\/\/traindubasberry.fr\/en\/wp-json\/wp\/v2\/pages\/648","targetHints":{"allow":["GET"]}}],"collection":[{"href":"https:\/\/traindubasberry.fr\/en\/wp-json\/wp\/v2\/pages"}],"about":[{"href":"https:\/\/traindubasberry.fr\/en\/wp-json\/wp\/v2\/types\/page"}],"author":[{"embeddable":true,"href":"https:\/\/traindubasberry.fr\/en\/wp-json\/wp\/v2\/users\/2"}],"replies":[{"embeddable":true,"href":"https:\/\/traindubasberry.fr\/en\/wp-json\/wp\/v2\/comments?post=648"}],"version-history":[{"count":5,"href":"https:\/\/traindubasberry.fr\/en\/wp-json\/wp\/v2\/pages\/648\/revisions"}],"predecessor-version":[{"id":824,"href":"https:\/\/traindubasberry.fr\/en\/wp-json\/wp\/v2\/pages\/648\/revisions\/824"}],"wp:attachment":[{"href":"https:\/\/traindubasberry.fr\/en\/wp-json\/wp\/v2\/media?parent=648"}],"wp:term":[{"taxonomy":"folder","embeddable":true,"href":"https:\/\/traindubasberry.fr\/en\/wp-json\/wp\/v2\/folder?post=648"}],"curies":[{"name":"wp","href":"https:\/\/api.w.org\/{rel}","templated":true}]}}