{"id":404,"date":"2026-01-11T16:50:21","date_gmt":"2026-01-11T15:50:21","guid":{"rendered":"https:\/\/traindubasberry.fr\/?page_id=404"},"modified":"2026-04-13T18:46:53","modified_gmt":"2026-04-13T16:46:53","slug":"le-velotorail","status":"publish","type":"page","link":"https:\/\/traindubasberry.fr\/en\/le-velotorail\/","title":{"rendered":"The V\u00e9lotorail"},"content":{"rendered":"<figure class=\"wp-block-image size-large wp-duotone-midnight-filter\"><img loading=\"lazy\" decoding=\"async\" width=\"1024\" height=\"683\" src=\"https:\/\/traindubasberry.fr\/wp-content\/uploads\/2026\/02\/1000042969-1024x683.jpg\" alt=\"\" class=\"wp-image-825\" srcset=\"https:\/\/traindubasberry.fr\/wp-content\/uploads\/2026\/02\/1000042969-1024x683.jpg 1024w, https:\/\/traindubasberry.fr\/wp-content\/uploads\/2026\/02\/1000042969-300x200.jpg 300w, https:\/\/traindubasberry.fr\/wp-content\/uploads\/2026\/02\/1000042969-768x512.jpg 768w, https:\/\/traindubasberry.fr\/wp-content\/uploads\/2026\/02\/1000042969-1536x1024.jpg 1536w, https:\/\/traindubasberry.fr\/wp-content\/uploads\/2026\/02\/1000042969-18x12.jpg 18w, https:\/\/traindubasberry.fr\/wp-content\/uploads\/2026\/02\/1000042969.jpg 2048w\" sizes=\"auto, (max-width: 1024px) 100vw, 1024px\" \/><\/figure>\n\n\n\n<p>Organised jointly by the Train du Bas-Berry and the V\u00e9lorail de Valen\u00e7ay, our V\u00e9lotorail offers a unique opportunity to combine a rail bike ride with a short trip on a historic railcar. An unforgettable afternoon to spend with family or friends.<\/p>\n\n\n\n<p>These V\u00e9lotorails are organised every Sunday from Sunday 19 July to Sunday 16 August 2026 and last about 3\u00bd hours.<\/p>\n\n\n\n<p>There are two options available:<\/p>\n\n\n\n<p>Departure from Valen\u00e7ay station at 3.30 pm for an 11 km journey aboard an electric-assisted rail bike in a bucolic and joyful atmosphere. After a spectacular final descent through the Bois du Foy, you will arrive at Lu\u00e7ay le M\u00e2le station where you can visit the station and enjoy some refreshments. Our 1951 X224 railcar will then be waiting to take you to Ecueill\u00e9. Upon arrival, you can visit our workshops and buy some souvenirs before taking the train back to Lu\u00e7ay. A few pedal strokes will then take you back to Valen\u00e7ay.<br><br>For families, aboard the historic railcar, you can get off at the \u00c9tang de La Foulqueti\u00e8re and spend about 50 minutes by the water (there is a playground for children) before taking the train back to Lu\u00e7ay le M\u00e2le. Just let the train conductor know when you board at Lu\u00e7ay.<\/p>\n\n\n\n<p>Would you prefer to depart from Ecueill\u00e9? No problem! The X224 railcar will pick you up at 3:45 p.m. after you have visited the site and bought some souvenirs. If you arrive a little early, you can even watch the departure of the regular steam train to Argy. At Lu\u00e7ay station, which you can visit and perhaps enjoy some refreshments, electric rail bikes will take you on a 5 km journey to the Gauterie stop. After a quick turnaround, you will return to Lu\u00e7ay to board the railcar that will take you back to Ecueill\u00e9.<\/p>\n\n\n\n<h2 class=\"wp-block-heading\">Prices (return ticket)<\/h2>\n\n\n\n<p>Children under 4 travel free of charge.<\/p>\n\n\n\n<figure class=\"wp-block-table\"><table class=\"has-fixed-layout\"><tbody><tr><td class=\"has-text-align-center\" data-align=\"center\">Adult (12 years and +)<\/td><td class=\"has-text-align-center\" data-align=\"center\">Child (4-11 years)<\/td><\/tr><tr><td class=\"has-text-align-center\" data-align=\"center\">Valen\u00e7ay-Ecueill\u00e9 route: \u20ac20<br>Ecueill\u00e9-La Gauterie route: \u20ac18<\/td><td class=\"has-text-align-center\" data-align=\"center\">Valen\u00e7ay-Ecueill\u00e9 route: \u20ac10<br>Ecueill\u00e9-La Gauterie route: \u20ac9<\/td><\/tr><\/tbody><\/table><\/figure>\n\n\n\n<div class=\"wp-block-columns is-layout-flex wp-container-core-columns-is-layout-28f84493 wp-block-columns-is-layout-flex\">\n<div class=\"wp-block-column is-layout-flow wp-block-column-is-layout-flow\" style=\"flex-basis:100%\"><\/div>\n<\/div>\n\n\n\n<p>Given the growing popularity of this service, we strongly recommend booking your seat in advance!<\/p>\n\n\n\n<p>On this website, you can only book your journey from Ecueill\u00e9. If you wish to travel from Valen\u00e7ay, you will need to book via the V\u00e9lorail website. <\/p>\n\n\n\n<p><\/p>\n\n\n\n<div class=\"wp-block-buttons is-content-justification-center is-layout-flex wp-container-core-buttons-is-layout-a89b3969 wp-block-buttons-is-layout-flex\">\n<div class=\"wp-block-button has-custom-width wp-block-button__width-50 is-style-fill\"><a class=\"wp-block-button__link has-background has-border-color has-contrast-border-color has-text-align-center wp-element-button\" href=\"https:\/\/saba.train-tickets.fr\/train.xhtml\" style=\"border-width:2px;border-top-left-radius:10px;border-top-right-radius:10px;border-bottom-left-radius:10px;border-bottom-right-radius:10px;background:radial-gradient(rgb(248,221,176) 0%,rgb(229,159,71) 100%)\" target=\"_blank\" rel=\"noopener\"><strong><mark style=\"background-color:rgba(0, 0, 0, 0)\" class=\"has-inline-color has-contrast-color\">book online<\/mark><\/strong><\/a><\/div>\n<\/div>\n\n\n\n<div class=\"wp-block-buttons is-content-justification-center is-layout-flex wp-container-core-buttons-is-layout-a89b3969 wp-block-buttons-is-layout-flex\">\n<div class=\"wp-block-button\"><a class=\"wp-block-button__link has-border-color wp-element-button\" href=\"https:\/\/traindubasberry.fr\/en\/horaires\/\" style=\"border-color:#191919;border-width:2px;border-top-left-radius:10px;border-top-right-radius:10px;border-bottom-left-radius:10px;border-bottom-right-radius:10px\">Back<\/a><\/div>\n<\/div>\n\n\n\n<p><\/p>\n\n\n\n<hr class=\"wp-block-separator has-alpha-channel-opacity\"\/>\n\n\n\n<p class=\"has-text-align-center\"><\/p>\n\n\n\n<p><\/p>","protected":false},"excerpt":{"rendered":"<p>Organis\u00e9s conjointement par le Train du Bas-Berry et le V\u00e9lorail de Valen\u00e7ay, notre V\u00e9lotorail est l&rsquo;occasion unique d&rsquo;associer un trajet \u00e0 v\u00e9lorail avec la d\u00e9couverte d&rsquo;un petit voyage en autorail historique. Une apr\u00e8s-midi inoubliable \u00e0 passer en famille ou entre amis. Ces v\u00e9lotorails sont organis\u00e9s tous les dimanches du Dimanche 19 Juillet au Dimanche 16 [&hellip;]<\/p>\n","protected":false},"author":2,"featured_media":0,"parent":0,"menu_order":0,"comment_status":"closed","ping_status":"closed","template":"","meta":{"footnotes":""},"folder":[14],"class_list":["post-404","page","type-page","status-publish","hentry"],"_links":{"self":[{"href":"https:\/\/traindubasberry.fr\/en\/wp-json\/wp\/v2\/pages\/404","targetHints":{"allow":["GET"]}}],"collection":[{"href":"https:\/\/traindubasberry.fr\/en\/wp-json\/wp\/v2\/pages"}],"about":[{"href":"https:\/\/traindubasberry.fr\/en\/wp-json\/wp\/v2\/types\/page"}],"author":[{"embeddable":true,"href":"https:\/\/traindubasberry.fr\/en\/wp-json\/wp\/v2\/users\/2"}],"replies":[{"embeddable":true,"href":"https:\/\/traindubasberry.fr\/en\/wp-json\/wp\/v2\/comments?post=404"}],"version-history":[{"count":14,"href":"https:\/\/traindubasberry.fr\/en\/wp-json\/wp\/v2\/pages\/404\/revisions"}],"predecessor-version":[{"id":885,"href":"https:\/\/traindubasberry.fr\/en\/wp-json\/wp\/v2\/pages\/404\/revisions\/885"}],"wp:attachment":[{"href":"https:\/\/traindubasberry.fr\/en\/wp-json\/wp\/v2\/media?parent=404"}],"wp:term":[{"taxonomy":"folder","embeddable":true,"href":"https:\/\/traindubasberry.fr\/en\/wp-json\/wp\/v2\/folder?post=404"}],"curies":[{"name":"wp","href":"https:\/\/api.w.org\/{rel}","templated":true}]}}