{"id":14,"date":"2025-12-21T19:53:11","date_gmt":"2025-12-21T18:53:11","guid":{"rendered":"http:\/\/train-du-bas-berry.local\/?page_id=14"},"modified":"2026-01-19T19:26:44","modified_gmt":"2026-01-19T18:26:44","slug":"histoire","status":"publish","type":"page","link":"https:\/\/traindubasberry.fr\/en\/histoire\/","title":{"rendered":"History"},"content":{"rendered":"<p>A brief history of the line and the association<\/p>\n\n\n\n<hr class=\"wp-block-separator has-alpha-channel-opacity\"\/>\n\n\n\n<div style=\"height:50px\" aria-hidden=\"true\" class=\"wp-block-spacer\"><\/div>\n\n\n\n<h2 class=\"wp-block-heading has-text-align-left\">The Blanc-Argent line<\/h2>\n\n\n\n<div style=\"height:50px\" aria-hidden=\"true\" class=\"wp-block-spacer\"><\/div>\n\n\n\n<p class=\"has-text-align-center\">The project for a railway line between Gi\u00e8vres and Le Blanc began in 1868. Initially planned as a standard gauge double track for military reasons, it was taken over by the State after the concessionaire company went bankrupt in 1878. Included in the Freycinet Plan in 1879, the project was finally modified in 1890 to adopt a single metric gauge track in order to reduce costs. <\/p>\n\n\n\n<p class=\"has-text-align-center\">Construction, delegated to the Faug\u00e8re et Chatelin company in 1896, began in 1899 after the land had been acquired.<\/p>\n\n\n\n<p class=\"has-text-align-center\">The line was gradually brought into service until 1902, and the Compagnie du chemin de fer du Blanc \u00e0 Argent was created in 1906 to manage it. The track, laid on a bed of sand with light rails, followed a route originally planned for a double track. <\/p>\n\n\n\n<p class=\"has-text-align-center\">In the 1920s and 1930s, services were fragmented, with complete journeys being rare and very long (up to 13 hours). The trains, often mixed, carried both goods and passengers, with some trains only running on market or fair days.<\/p>\n\n\n\n<figure class=\"wp-block-image aligncenter size-large wp-duotone-midnight-filter\"><img loading=\"lazy\" decoding=\"async\" width=\"1024\" height=\"576\" src=\"https:\/\/traindubasberry.fr\/wp-content\/uploads\/2025\/12\/x224-1024x576.jpg\" alt=\"X224 en gare d'argy\" class=\"wp-image-26\" srcset=\"https:\/\/traindubasberry.fr\/wp-content\/uploads\/2025\/12\/x224-1024x576.jpg 1024w, https:\/\/traindubasberry.fr\/wp-content\/uploads\/2025\/12\/x224-300x169.jpg 300w, https:\/\/traindubasberry.fr\/wp-content\/uploads\/2025\/12\/x224-768x432.jpg 768w, https:\/\/traindubasberry.fr\/wp-content\/uploads\/2025\/12\/x224-1536x864.jpg 1536w, https:\/\/traindubasberry.fr\/wp-content\/uploads\/2025\/12\/x224.jpg 1992w\" sizes=\"auto, (max-width: 1024px) 100vw, 1024px\" \/><figcaption class=\"wp-element-caption\">Verney X224 railcar at Argy station<\/figcaption><\/figure>\n\n\n\n<p class=\"has-text-align-center\">The ends of the Blanc-Argent line were gradually closed between 1939 and 1988, with certain sections being officially decommissioned. Freight traffic ceased in 1988, except for a section between Argy and Buzan\u00e7ais, which was converted to standard gauge to serve a silo.<\/p>\n\n\n\n<hr class=\"wp-block-separator has-alpha-channel-opacity\"\/>\n\n\n\n<div style=\"height:50px\" aria-hidden=\"true\" class=\"wp-block-spacer\"><\/div>\n\n\n\n<h2 class=\"wp-block-heading has-text-align-left\">The Bas-Berry Train and S.A.B.A.<\/h2>\n\n\n\n<div style=\"height:50px\" aria-hidden=\"true\" class=\"wp-block-spacer\"><\/div>\n\n\n\n<p class=\"has-text-align-center\">The Bas-Berry Train, operated by S.A.B.A., is a tourist railway that revives a section of the former Blanc-Argent line. This section, listed as a historic monument since 1993, runs between Argy and Valen\u00e7ay, passing through \u00c9cueill\u00e9, Heugnes, Pellevoisin, and Lu\u00e7ay-le-M\u00e2le.<\/p>\n\n\n\n<p class=\"has-text-align-center\">The line operates mainly during the summer season, offering visitors an authentic experience aboard historic trains, including railcars from the 1950s to the 1980s and restored steam locomotives.<\/p>\n\n\n\n<figure class=\"wp-block-image aligncenter size-full wp-duotone-midnight-filter\"><img loading=\"lazy\" decoding=\"async\" width=\"800\" height=\"480\" src=\"https:\/\/traindubasberry.fr\/wp-content\/uploads\/2025\/12\/FB_IMG_1580198487229.jpg\" alt=\"Travaux de voie en gare de Valen\u00e7ay\" class=\"wp-image-25\" srcset=\"https:\/\/traindubasberry.fr\/wp-content\/uploads\/2025\/12\/FB_IMG_1580198487229.jpg 800w, https:\/\/traindubasberry.fr\/wp-content\/uploads\/2025\/12\/FB_IMG_1580198487229-300x180.jpg 300w, https:\/\/traindubasberry.fr\/wp-content\/uploads\/2025\/12\/FB_IMG_1580198487229-768x461.jpg 768w\" sizes=\"auto, (max-width: 800px) 100vw, 800px\" \/><figcaption class=\"wp-element-caption\">Track work at Valen\u00e7ay station<\/figcaption><\/figure>\n\n\n\n<p class=\"has-text-align-center\">Thanks to the dedication of S.A.B.A. volunteers, the line was restored after its closure in 1988. Since tourist services resumed in 2003, the association has undertaken major restoration work on the railway infrastructure, including replacing sleepers and renovating historic buildings. <\/p>\n\n\n\n<p class=\"has-text-align-center\">It has also built up a collection of rolling stock, including Verney railcars, Deutz diesel locomotives, and vintage draisines.<\/p>\n\n\n\n<figure class=\"wp-block-image aligncenter size-large wp-duotone-midnight-filter\"><img loading=\"lazy\" decoding=\"async\" width=\"1024\" height=\"576\" src=\"https:\/\/traindubasberry.fr\/wp-content\/uploads\/2025\/12\/20190413_133856-1024x576.jpg\" alt=\"Vue interieure d'une remise\" class=\"wp-image-24\" srcset=\"https:\/\/traindubasberry.fr\/wp-content\/uploads\/2025\/12\/20190413_133856-1024x576.jpg 1024w, https:\/\/traindubasberry.fr\/wp-content\/uploads\/2025\/12\/20190413_133856-300x169.jpg 300w, https:\/\/traindubasberry.fr\/wp-content\/uploads\/2025\/12\/20190413_133856-768x432.jpg 768w, https:\/\/traindubasberry.fr\/wp-content\/uploads\/2025\/12\/20190413_133856-1536x864.jpg 1536w, https:\/\/traindubasberry.fr\/wp-content\/uploads\/2025\/12\/20190413_133856-2048x1152.jpg 2048w\" sizes=\"auto, (max-width: 1024px) 100vw, 1024px\" \/><figcaption class=\"wp-element-caption\">Interior view of a shed<\/figcaption><\/figure>\n\n\n\n<p class=\"has-text-align-center\">Thanks to the dedication of S.A.B.A., the Bas-Berry Train offers a unique immersion into the railway history of Berry, allowing visitors to discover the charm of travel in days gone by while contributing to the preservation of a precious heritage.<\/p>\n\n\n\n<figure class=\"wp-block-image aligncenter size-large wp-duotone-midnight-filter\"><img loading=\"lazy\" decoding=\"async\" width=\"1024\" height=\"576\" src=\"https:\/\/traindubasberry.fr\/wp-content\/uploads\/2025\/12\/20190803_144912-1024x576.jpg\" alt=\"Locotracteur BA12\" class=\"wp-image-22\" srcset=\"https:\/\/traindubasberry.fr\/wp-content\/uploads\/2025\/12\/20190803_144912-1024x576.jpg 1024w, https:\/\/traindubasberry.fr\/wp-content\/uploads\/2025\/12\/20190803_144912-300x169.jpg 300w, https:\/\/traindubasberry.fr\/wp-content\/uploads\/2025\/12\/20190803_144912-768x432.jpg 768w, https:\/\/traindubasberry.fr\/wp-content\/uploads\/2025\/12\/20190803_144912-1536x864.jpg 1536w, https:\/\/traindubasberry.fr\/wp-content\/uploads\/2025\/12\/20190803_144912-2048x1152.jpg 2048w\" sizes=\"auto, (max-width: 1024px) 100vw, 1024px\" \/><figcaption class=\"wp-element-caption\">BA12 locomotive and mixed train<\/figcaption><\/figure>","protected":false},"excerpt":{"rendered":"<p>Une petit brin d&rsquo;histoire de la ligne et de l&rsquo;association La Ligne du Blanc \u00e0 Argent Le projet de ligne ferroviaire entre Gi\u00e8vres et Le Blanc d\u00e9bute en 1868. Initialement pr\u00e9vu en double voie \u00e0 \u00e9cartement standard pour des raisons militaires, il est repris par l&rsquo;\u00c9tat apr\u00e8s la faillite de la compagnie concessionnaire en 1878. [&hellip;]<\/p>\n","protected":false},"author":1,"featured_media":0,"parent":0,"menu_order":0,"comment_status":"closed","ping_status":"closed","template":"","meta":{"footnotes":""},"folder":[15],"class_list":["post-14","page","type-page","status-publish","hentry"],"_links":{"self":[{"href":"https:\/\/traindubasberry.fr\/en\/wp-json\/wp\/v2\/pages\/14","targetHints":{"allow":["GET"]}}],"collection":[{"href":"https:\/\/traindubasberry.fr\/en\/wp-json\/wp\/v2\/pages"}],"about":[{"href":"https:\/\/traindubasberry.fr\/en\/wp-json\/wp\/v2\/types\/page"}],"author":[{"embeddable":true,"href":"https:\/\/traindubasberry.fr\/en\/wp-json\/wp\/v2\/users\/1"}],"replies":[{"embeddable":true,"href":"https:\/\/traindubasberry.fr\/en\/wp-json\/wp\/v2\/comments?post=14"}],"version-history":[{"count":9,"href":"https:\/\/traindubasberry.fr\/en\/wp-json\/wp\/v2\/pages\/14\/revisions"}],"predecessor-version":[{"id":676,"href":"https:\/\/traindubasberry.fr\/en\/wp-json\/wp\/v2\/pages\/14\/revisions\/676"}],"wp:attachment":[{"href":"https:\/\/traindubasberry.fr\/en\/wp-json\/wp\/v2\/media?parent=14"}],"wp:term":[{"taxonomy":"folder","embeddable":true,"href":"https:\/\/traindubasberry.fr\/en\/wp-json\/wp\/v2\/folder?post=14"}],"curies":[{"name":"wp","href":"https:\/\/api.w.org\/{rel}","templated":true}]}}